{"id":1371,"date":"2025-03-28T17:36:40","date_gmt":"2025-03-28T17:36:40","guid":{"rendered":"http:\/\/premierelite.fr\/%d1%82%d1%83%d1%80%d1%8b-%d0%b8-%d1%8d%d0%ba%d1%81%d0%ba%d1%83%d1%80%d1%81%d0%b8%d0%b8"},"modified":"2025-03-28T17:36:40","modified_gmt":"2025-03-28T17:36:40","slug":"%d1%82%d1%83%d1%80%d1%8b-%d0%b8-%d1%8d%d0%ba%d1%81%d0%ba%d1%83%d1%80%d1%81%d0%b8%d0%b8","status":"publish","type":"page","link":"https:\/\/premierelite.limo\/ru\/%d1%82%d1%83%d1%80%d1%8b-%d0%b8-%d1%8d%d0%ba%d1%81%d0%ba%d1%83%d1%80%d1%81%d0%b8%d0%b8","title":{"rendered":"\u0422\u0443\u0440\u044b \u0438 \u044d\u043a\u0441\u043a\u0443\u0440\u0441\u0438\u0438"},"content":{"rendered":"","protected":false},"excerpt":{"rendered":"","protected":false},"author":1,"featured_media":0,"parent":0,"menu_order":0,"comment_status":"closed","ping_status":"closed","template":"","meta":{"footnotes":""},"class_list":["post-1371","page","type-page","status-publish","hentry"],"yoast_head":"<!-- This site is optimized with the Yoast SEO plugin v25.3 - https:\/\/yoast.com\/wordpress\/plugins\/seo\/ -->\n<title>\u0422\u0443\u0440\u044b \u0438 \u044d\u043a\u0441\u043a\u0443\u0440\u0441\u0438\u0438 - PREMIER ELITE<\/title>\n<meta name=\"robots\" content=\"index, follow, max-snippet:-1, max-image-preview:large, max-video-preview:-1\" \/>\n<link rel=\"canonical\" href=\"https:\/\/premierelite.limo\/ru\/%d1%82%d1%83%d1%80%d1%8b-%d0%b8-%d1%8d%d0%ba%d1%81%d0%ba%d1%83%d1%80%d1%81%d0%b8%d0%b8\" \/>\n<meta property=\"og:locale\" content=\"ru_RU\" \/>\n<meta property=\"og:type\" content=\"article\" \/>\n<meta property=\"og:title\" content=\"\u0422\u0443\u0440\u044b \u0438 \u044d\u043a\u0441\u043a\u0443\u0440\u0441\u0438\u0438 - PREMIER ELITE\" \/>\n<meta property=\"og:url\" content=\"https:\/\/premierelite.limo\/ru\/%d1%82%d1%83%d1%80%d1%8b-%d0%b8-%d1%8d%d0%ba%d1%81%d0%ba%d1%83%d1%80%d1%81%d0%b8%d0%b8\" \/>\n<meta property=\"og:site_name\" content=\"PREMIER ELITE\" \/>\n<meta property=\"og:image\" content=\"https:\/\/premierelite.limo\/wp-content\/uploads\/2025\/02\/cropped-LOGOpremiereelite.png\" \/>\n\t<meta property=\"og:image:width\" content=\"512\" \/>\n\t<meta property=\"og:image:height\" content=\"512\" \/>\n\t<meta property=\"og:image:type\" content=\"image\/png\" \/>\n<meta name=\"twitter:card\" content=\"summary_large_image\" \/>\n<script type=\"application\/ld+json\" class=\"yoast-schema-graph\">{\"@context\":\"https:\/\/schema.org\",\"@graph\":[{\"@type\":\"WebPage\",\"@id\":\"https:\/\/premierelite.limo\/ru\/%d1%82%d1%83%d1%80%d1%8b-%d0%b8-%d1%8d%d0%ba%d1%81%d0%ba%d1%83%d1%80%d1%81%d0%b8%d0%b8\",\"url\":\"https:\/\/premierelite.limo\/ru\/%d1%82%d1%83%d1%80%d1%8b-%d0%b8-%d1%8d%d0%ba%d1%81%d0%ba%d1%83%d1%80%d1%81%d0%b8%d0%b8\",\"name\":\"\u0422\u0443\u0440\u044b \u0438 \u044d\u043a\u0441\u043a\u0443\u0440\u0441\u0438\u0438 - PREMIER ELITE\",\"isPartOf\":{\"@id\":\"https:\/\/premierelite.limo\/ru#website\"},\"datePublished\":\"2025-03-28T17:36:40+00:00\",\"breadcrumb\":{\"@id\":\"https:\/\/premierelite.limo\/ru\/%d1%82%d1%83%d1%80%d1%8b-%d0%b8-%d1%8d%d0%ba%d1%81%d0%ba%d1%83%d1%80%d1%81%d0%b8%d0%b8#breadcrumb\"},\"inLanguage\":\"ru-RU\",\"potentialAction\":[{\"@type\":\"ReadAction\",\"target\":[\"https:\/\/premierelite.limo\/ru\/%d1%82%d1%83%d1%80%d1%8b-%d0%b8-%d1%8d%d0%ba%d1%81%d0%ba%d1%83%d1%80%d1%81%d0%b8%d0%b8\"]}]},{\"@type\":\"BreadcrumbList\",\"@id\":\"https:\/\/premierelite.limo\/ru\/%d1%82%d1%83%d1%80%d1%8b-%d0%b8-%d1%8d%d0%ba%d1%81%d0%ba%d1%83%d1%80%d1%81%d0%b8%d0%b8#breadcrumb\",\"itemListElement\":[{\"@type\":\"ListItem\",\"position\":1,\"name\":\"Accueil\",\"item\":\"https:\/\/premierelite.limo\/ru\/%d0%b3%d0%bb%d0%b0%d0%b2%d0%bd%d0%b0%d1%8f\"},{\"@type\":\"ListItem\",\"position\":2,\"name\":\"\u0422\u0443\u0440\u044b \u0438 \u044d\u043a\u0441\u043a\u0443\u0440\u0441\u0438\u0438\"}]},{\"@type\":\"WebSite\",\"@id\":\"https:\/\/premierelite.limo\/ru#website\",\"url\":\"https:\/\/premierelite.limo\/ru\",\"name\":\"PREMIER \u00c9LITE\",\"description\":\"R\u00e9servez votre voiture avec chauffeur priv\u00e9\",\"publisher\":{\"@id\":\"https:\/\/premierelite.limo\/ru#organization\"},\"alternateName\":\"Location de v\u00e9hicules avec chauffeur priv\u00e9\",\"potentialAction\":[{\"@type\":\"SearchAction\",\"target\":{\"@type\":\"EntryPoint\",\"urlTemplate\":\"https:\/\/premierelite.limo\/ru?s={search_term_string}\"},\"query-input\":{\"@type\":\"PropertyValueSpecification\",\"valueRequired\":true,\"valueName\":\"search_term_string\"}}],\"inLanguage\":\"ru-RU\"},{\"@type\":\"Organization\",\"@id\":\"https:\/\/premierelite.limo\/ru#organization\",\"name\":\"PREMIER ELITE\",\"alternateName\":\"Location de v\u00e9hicules avec chauffeur priv\u00e9\",\"url\":\"https:\/\/premierelite.limo\/ru\",\"logo\":{\"@type\":\"ImageObject\",\"inLanguage\":\"ru-RU\",\"@id\":\"https:\/\/premierelite.limo\/ru#\/schema\/logo\/image\/\",\"url\":\"https:\/\/premierelite.limo\/wp-content\/uploads\/2025\/04\/cropped-cropped-android-chrome-512x512-1.png\",\"contentUrl\":\"https:\/\/premierelite.limo\/wp-content\/uploads\/2025\/04\/cropped-cropped-android-chrome-512x512-1.png\",\"width\":512,\"height\":512,\"caption\":\"PREMIER ELITE\"},\"image\":{\"@id\":\"https:\/\/premierelite.limo\/ru#\/schema\/logo\/image\/\"}}]}<\/script>\n<!-- \/ Yoast SEO plugin. -->","yoast_head_json":{"title":"\u0422\u0443\u0440\u044b \u0438 \u044d\u043a\u0441\u043a\u0443\u0440\u0441\u0438\u0438 - PREMIER ELITE","robots":{"index":"index","follow":"follow","max-snippet":"max-snippet:-1","max-image-preview":"max-image-preview:large","max-video-preview":"max-video-preview:-1"},"canonical":"https:\/\/premierelite.limo\/ru\/%d1%82%d1%83%d1%80%d1%8b-%d0%b8-%d1%8d%d0%ba%d1%81%d0%ba%d1%83%d1%80%d1%81%d0%b8%d0%b8","og_locale":"ru_RU","og_type":"article","og_title":"\u0422\u0443\u0440\u044b \u0438 \u044d\u043a\u0441\u043a\u0443\u0440\u0441\u0438\u0438 - PREMIER ELITE","og_url":"https:\/\/premierelite.limo\/ru\/%d1%82%d1%83%d1%80%d1%8b-%d0%b8-%d1%8d%d0%ba%d1%81%d0%ba%d1%83%d1%80%d1%81%d0%b8%d0%b8","og_site_name":"PREMIER ELITE","og_image":[{"width":512,"height":512,"url":"https:\/\/premierelite.limo\/wp-content\/uploads\/2025\/02\/cropped-LOGOpremiereelite.png","type":"image\/png"}],"twitter_card":"summary_large_image","schema":{"@context":"https:\/\/schema.org","@graph":[{"@type":"WebPage","@id":"https:\/\/premierelite.limo\/ru\/%d1%82%d1%83%d1%80%d1%8b-%d0%b8-%d1%8d%d0%ba%d1%81%d0%ba%d1%83%d1%80%d1%81%d0%b8%d0%b8","url":"https:\/\/premierelite.limo\/ru\/%d1%82%d1%83%d1%80%d1%8b-%d0%b8-%d1%8d%d0%ba%d1%81%d0%ba%d1%83%d1%80%d1%81%d0%b8%d0%b8","name":"\u0422\u0443\u0440\u044b \u0438 \u044d\u043a\u0441\u043a\u0443\u0440\u0441\u0438\u0438 - PREMIER ELITE","isPartOf":{"@id":"https:\/\/premierelite.limo\/ru#website"},"datePublished":"2025-03-28T17:36:40+00:00","breadcrumb":{"@id":"https:\/\/premierelite.limo\/ru\/%d1%82%d1%83%d1%80%d1%8b-%d0%b8-%d1%8d%d0%ba%d1%81%d0%ba%d1%83%d1%80%d1%81%d0%b8%d0%b8#breadcrumb"},"inLanguage":"ru-RU","potentialAction":[{"@type":"ReadAction","target":["https:\/\/premierelite.limo\/ru\/%d1%82%d1%83%d1%80%d1%8b-%d0%b8-%d1%8d%d0%ba%d1%81%d0%ba%d1%83%d1%80%d1%81%d0%b8%d0%b8"]}]},{"@type":"BreadcrumbList","@id":"https:\/\/premierelite.limo\/ru\/%d1%82%d1%83%d1%80%d1%8b-%d0%b8-%d1%8d%d0%ba%d1%81%d0%ba%d1%83%d1%80%d1%81%d0%b8%d0%b8#breadcrumb","itemListElement":[{"@type":"ListItem","position":1,"name":"Accueil","item":"https:\/\/premierelite.limo\/ru\/%d0%b3%d0%bb%d0%b0%d0%b2%d0%bd%d0%b0%d1%8f"},{"@type":"ListItem","position":2,"name":"\u0422\u0443\u0440\u044b \u0438 \u044d\u043a\u0441\u043a\u0443\u0440\u0441\u0438\u0438"}]},{"@type":"WebSite","@id":"https:\/\/premierelite.limo\/ru#website","url":"https:\/\/premierelite.limo\/ru","name":"PREMIER \u00c9LITE","description":"R\u00e9servez votre voiture avec chauffeur priv\u00e9","publisher":{"@id":"https:\/\/premierelite.limo\/ru#organization"},"alternateName":"Location de v\u00e9hicules avec chauffeur priv\u00e9","potentialAction":[{"@type":"SearchAction","target":{"@type":"EntryPoint","urlTemplate":"https:\/\/premierelite.limo\/ru?s={search_term_string}"},"query-input":{"@type":"PropertyValueSpecification","valueRequired":true,"valueName":"search_term_string"}}],"inLanguage":"ru-RU"},{"@type":"Organization","@id":"https:\/\/premierelite.limo\/ru#organization","name":"PREMIER ELITE","alternateName":"Location de v\u00e9hicules avec chauffeur priv\u00e9","url":"https:\/\/premierelite.limo\/ru","logo":{"@type":"ImageObject","inLanguage":"ru-RU","@id":"https:\/\/premierelite.limo\/ru#\/schema\/logo\/image\/","url":"https:\/\/premierelite.limo\/wp-content\/uploads\/2025\/04\/cropped-cropped-android-chrome-512x512-1.png","contentUrl":"https:\/\/premierelite.limo\/wp-content\/uploads\/2025\/04\/cropped-cropped-android-chrome-512x512-1.png","width":512,"height":512,"caption":"PREMIER ELITE"},"image":{"@id":"https:\/\/premierelite.limo\/ru#\/schema\/logo\/image\/"}}]}},"_links":{"self":[{"href":"https:\/\/premierelite.limo\/ru\/wp-json\/wp\/v2\/pages\/1371","targetHints":{"allow":["GET"]}}],"collection":[{"href":"https:\/\/premierelite.limo\/ru\/wp-json\/wp\/v2\/pages"}],"about":[{"href":"https:\/\/premierelite.limo\/ru\/wp-json\/wp\/v2\/types\/page"}],"author":[{"embeddable":true,"href":"https:\/\/premierelite.limo\/ru\/wp-json\/wp\/v2\/users\/1"}],"replies":[{"embeddable":true,"href":"https:\/\/premierelite.limo\/ru\/wp-json\/wp\/v2\/comments?post=1371"}],"version-history":[{"count":0,"href":"https:\/\/premierelite.limo\/ru\/wp-json\/wp\/v2\/pages\/1371\/revisions"}],"wp:attachment":[{"href":"https:\/\/premierelite.limo\/ru\/wp-json\/wp\/v2\/media?parent=1371"}],"curies":[{"name":"wp","href":"https:\/\/api.w.org\/{rel}","templated":true}]}}