{"id":4862,"date":"2025-04-27T21:05:13","date_gmt":"2025-04-27T21:05:13","guid":{"rendered":"https:\/\/premierelite.limo\/%d8%b3%d9%8a%d8%a7%d8%b3%d8%a9-%d8%a7%d9%84%d8%ae%d8%b5%d9%88%d8%b5%d9%8a%d8%a9"},"modified":"2025-04-27T21:41:09","modified_gmt":"2025-04-27T21:41:09","slug":"%d8%b3%d9%8a%d8%a7%d8%b3%d8%a9-%d8%a7%d9%84%d8%ae%d8%b5%d9%88%d8%b5%d9%8a%d8%a9","status":"publish","type":"page","link":"https:\/\/premierelite.limo\/ar\/%d8%b3%d9%8a%d8%a7%d8%b3%d8%a9-%d8%a7%d9%84%d8%ae%d8%b5%d9%88%d8%b5%d9%8a%d8%a9","title":{"rendered":"\u0633\u064a\u0627\u0633\u0629 \u0627\u0644\u062e\u0635\u0648\u0635\u064a\u0629"},"content":{"rendered":"\t\t<div data-elementor-type=\"wp-page\" data-elementor-id=\"4862\" class=\"elementor elementor-4862 elementor-4846\" data-elementor-post-type=\"page\">\n\t\t\t\t\t\t<section class=\"elementor-section elementor-top-section elementor-element elementor-element-9a591ef elementor-section-boxed elementor-section-height-default elementor-section-height-default\" data-id=\"9a591ef\" data-element_type=\"section\" data-settings=\"{&quot;background_background&quot;:&quot;classic&quot;}\">\n\t\t\t\t\t\t\t<div class=\"elementor-background-overlay\"><\/div>\n\t\t\t\t\t\t\t<div class=\"elementor-container elementor-column-gap-default\">\n\t\t\t\t\t<div class=\"elementor-column elementor-col-100 elementor-top-column elementor-element elementor-element-d9112d0\" data-id=\"d9112d0\" data-element_type=\"column\">\n\t\t\t<div class=\"elementor-widget-wrap elementor-element-populated\">\n\t\t\t\t\t\t<div class=\"elementor-element elementor-element-510e74a elementor-widget elementor-widget-heading\" data-id=\"510e74a\" data-element_type=\"widget\" data-widget_type=\"heading.default\">\n\t\t\t\t<div class=\"elementor-widget-container\">\n\t\t\t\t\t<h2 class=\"elementor-heading-title elementor-size-default\">\u0633\u064a\u0627\u0633\u0629 \u0627\u0644\u062e\u0635\u0648\u0635\u064a\u0629<\/h2>\t\t\t\t<\/div>\n\t\t\t\t<\/div>\n\t\t\t\t\t<\/div>\n\t\t<\/div>\n\t\t\t\t\t<\/div>\n\t\t<\/section>\n\t\t\t\t<section class=\"elementor-section elementor-top-section elementor-element elementor-element-fd69760 elementor-section-boxed elementor-section-height-default elementor-section-height-default\" data-id=\"fd69760\" data-element_type=\"section\">\n\t\t\t\t\t\t<div class=\"elementor-container elementor-column-gap-default\">\n\t\t\t\t\t<div class=\"elementor-column elementor-col-100 elementor-top-column elementor-element elementor-element-14b6d14\" data-id=\"14b6d14\" data-element_type=\"column\">\n\t\t\t<div class=\"elementor-widget-wrap elementor-element-populated\">\n\t\t\t\t\t\t<section class=\"elementor-section elementor-inner-section elementor-element elementor-element-16896d2 elementor-section-boxed elementor-section-height-default elementor-section-height-default\" data-id=\"16896d2\" data-element_type=\"section\" data-settings=\"{&quot;background_background&quot;:&quot;classic&quot;}\">\n\t\t\t\t\t\t<div class=\"elementor-container elementor-column-gap-no\">\n\t\t\t\t\t<div class=\"elementor-column elementor-col-100 elementor-inner-column elementor-element elementor-element-0a467bb\" data-id=\"0a467bb\" data-element_type=\"column\">\n\t\t\t<div class=\"elementor-widget-wrap elementor-element-populated\">\n\t\t\t\t\t\t<div class=\"elementor-element elementor-element-8957356 elementor-widget elementor-widget-text-editor\" data-id=\"8957356\" data-element_type=\"widget\" data-widget_type=\"text-editor.default\">\n\t\t\t\t<div class=\"elementor-widget-container\">\n\t\t\t\t\t\t\t\t\t<h2><b>1. \u0645\u0642\u062f\u0645\u0629<\/b><\/h2><p class=\"p3\">\u0641\u064a <span class=\"s2\"><b>Premier Elite Limo<\/b><\/span>\u060c \u062d\u0645\u0627\u064a\u0629 \u0628\u064a\u0627\u0646\u0627\u062a\u0643 \u0627\u0644\u0634\u062e\u0635\u064a\u0629 \u0647\u064a \u0627\u0644\u0623\u0648\u0644\u0648\u064a\u0629. \u062a\u0647\u062f\u0641 \u0633\u064a\u0627\u0633\u0629 \u0627\u0644\u062e\u0635\u0648\u0635\u064a\u0629 \u0647\u0630\u0647 \u0625\u0644\u0649 \u0625\u0639\u0644\u0627\u0645\u0643 \u0628\u0643\u064a\u0641\u064a\u0629 \u062c\u0645\u0639 \u0645\u0639\u0644\u0648\u0645\u0627\u062a\u0643 \u0648\u0627\u0633\u062a\u062e\u062f\u0627\u0645\u0647\u0627 \u0648\u062d\u0645\u0627\u064a\u062a\u0647\u0627 \u0639\u0646\u062f \u0627\u0633\u062a\u062e\u062f\u0627\u0645\u0643 \u0644\u0645\u0648\u0642\u0639\u0646\u0627 \u0627\u0644\u0625\u0644\u0643\u062a\u0631\u0648\u0646\u064a <a href=\"https:\/\/premierelite.limo\/ar\">https:\/\/premierelite.limo<\/a>. <\/p><h2><b>2. \u0627\u0644\u0628\u064a\u0627\u0646\u0627\u062a \u0627\u0644\u062a\u064a \u062a\u0645 \u062c\u0645\u0639\u0647\u0627<\/b><\/h2><p class=\"p3\">\u064a\u062c\u0648\u0632 \u0644\u0646\u0627 \u062c\u0645\u0639 \u0627\u0644\u0623\u0646\u0648\u0627\u0639 \u0627\u0644\u062a\u0627\u0644\u064a\u0629 \u0645\u0646 \u0627\u0644\u0628\u064a\u0627\u0646\u0627\u062a:<\/p><ul><li><p class=\"p1\">\u0627\u0644\u0627\u0633\u0645 \u0627\u0644\u0623\u0648\u0644 \u0648\u0627\u0644\u0623\u062e\u064a\u0631<\/p><\/li><li><p class=\"p1\">\u0628\u064a\u0627\u0646\u0627\u062a \u0627\u0644\u0627\u062a\u0635\u0627\u0644 (\u0627\u0644\u0628\u0631\u064a\u062f \u0627\u0644\u0625\u0644\u0643\u062a\u0631\u0648\u0646\u064a\u060c \u0627\u0644\u0647\u0627\u062a\u0641)<\/p><\/li><li><p class=\"p1\">\u0645\u0639\u0644\u0648\u0645\u0627\u062a \u0627\u0644\u062d\u062c\u0632 (\u0627\u0644\u0645\u0648\u0642\u0639 \u0648\u0627\u0644\u062a\u0627\u0631\u064a\u062e \u0648\u0627\u0644\u0648\u0642\u062a)<\/p><\/li><li><p class=\"p1\">\u0628\u064a\u0627\u0646\u0627\u062a \u0627\u0644\u062a\u0635\u0641\u062d \u0639\u0644\u0649 \u0645\u0648\u0642\u0639\u0646\u0627 (\u0645\u0644\u0641\u0627\u062a \u062a\u0639\u0631\u064a\u0641 \u0627\u0644\u0627\u0631\u062a\u0628\u0627\u0637\u060c \u0639\u0646\u0648\u0627\u0646 IP)<\/p><\/li><\/ul><p class=\"p3\">\u064a\u062a\u0645 \u062c\u0645\u0639 \u0647\u0630\u0647 \u0627\u0644\u0628\u064a\u0627\u0646\u0627\u062a \u0648\u0641\u0642\u064b\u0627 \u0644\u0644\u0642\u0648\u0627\u0646\u064a\u0646 \u0627\u0644\u0633\u0627\u0631\u064a\u0629 \u0628\u0634\u0623\u0646 \u062d\u0645\u0627\u064a\u0629 \u0627\u0644\u0628\u064a\u0627\u0646\u0627\u062a \u0627\u0644\u0634\u062e\u0635\u064a\u0629.<\/p><h2><b>3. \u0627\u0633\u062a\u062e\u062f\u0627\u0645 \u0627\u0644\u0628\u064a\u0627\u0646\u0627\u062a<\/b><\/h2><p class=\"p3\">\u064a\u062a\u0645 \u0627\u0633\u062a\u062e\u062f\u0627\u0645 \u0628\u064a\u0627\u0646\u0627\u062a\u0643 \u0627\u0644\u0634\u062e\u0635\u064a\u0629 \u0645\u0646 \u0623\u062c\u0644:<\/p><ul><li><p class=\"p1\">\u0645\u0639\u0627\u0644\u062c\u0629 \u0637\u0644\u0628\u0627\u062a \u0627\u0644\u062d\u062c\u0632 \u0627\u0644\u062e\u0627\u0635\u0629 \u0628\u0643<\/p><\/li><li><p class=\"p1\">\u0627\u0644\u062a\u0648\u0627\u0635\u0644 \u0645\u0639\u0643 \u0628\u062e\u0635\u0648\u0635 \u062e\u062f\u0645\u0627\u062a\u0646\u0627<\/p><\/li><li><p class=\"p1\">\u062a\u062d\u0633\u064a\u0646 \u0645\u0648\u0642\u0639\u0646\u0627 \u0648\u062e\u062f\u0645\u0627\u062a\u0646\u0627<\/p><\/li><li><p class=\"p1\">\u0625\u0631\u0633\u0627\u0644 \u0645\u0639\u0644\u0648\u0645\u0627\u062a \u062a\u062c\u0627\u0631\u064a\u0629 \u0645\u0633\u062a\u0647\u062f\u0641\u0629 \u0625\u0644\u064a\u0643 \u0628\u0645\u0648\u0627\u0641\u0642\u062a\u0643<\/p><\/li><\/ul><h2><b>4. \u0645\u0634\u0627\u0631\u0643\u0629 \u0627\u0644\u0628\u064a\u0627\u0646\u0627\u062a<\/b><\/h2><p class=\"p3\">\u0644\u0646 \u064a\u062a\u0645 \u0628\u064a\u0639 \u0628\u064a\u0627\u0646\u0627\u062a\u0643 \u0627\u0644\u0634\u062e\u0635\u064a\u0629 \u0623\u0648 \u062a\u0623\u062c\u064a\u0631\u0647\u0627 \u0644\u062c\u0647\u0627\u062a \u062e\u0627\u0631\u062c\u064a\u0629 \u0623\u0628\u062f\u064b\u0627. \u0644\u0627 \u064a\u062c\u0648\u0632 \u0645\u0634\u0627\u0631\u0643\u062a\u0647\u0627 \u0625\u0644\u0627 \u0645\u0639 \u0634\u0631\u0643\u0627\u0626\u0646\u0627 \u0627\u0644\u0645\u0648\u062b\u0648\u0642 \u0628\u0647\u0645\u060c \u0625\u0644\u0649 \u0627\u0644\u062d\u062f \u0627\u0644\u0636\u0631\u0648\u0631\u064a \u0644\u062a\u0642\u062f\u064a\u0645 \u062e\u062f\u0645\u0627\u062a\u0646\u0627 (\u0639\u0644\u0649 \u0633\u0628\u064a\u0644 \u0627\u0644\u0645\u062b\u0627\u0644\u060c \u0645\u0642\u062f\u0645\u064a \u062e\u062f\u0645\u0627\u062a \u0627\u0644\u062f\u0641\u0639\u060c \u0648\u0645\u0642\u0627\u0648\u0644\u064a \u0627\u0644\u062e\u062f\u0645\u0627\u062a \u0627\u0644\u0644\u0648\u062c\u0633\u062a\u064a\u0629). <\/p><h2><b>5. \u062d\u0645\u0627\u064a\u0629 \u0627\u0644\u0628\u064a\u0627\u0646\u0627\u062a<\/b><\/h2><p class=\"p3\">\u0646\u062d\u0646 \u0646\u0646\u0641\u0630 \u0627\u0644\u062a\u062f\u0627\u0628\u064a\u0631 \u0627\u0644\u0641\u0646\u064a\u0629 \u0648\u0627\u0644\u062a\u0646\u0638\u064a\u0645\u064a\u0629 \u0627\u0644\u0645\u0646\u0627\u0633\u0628\u0629 \u0644\u062d\u0645\u0627\u064a\u0629 \u0628\u064a\u0627\u0646\u0627\u062a\u0643 \u0636\u062f \u0627\u0644\u0648\u0635\u0648\u0644 \u063a\u064a\u0631 \u0627\u0644\u0645\u0635\u0631\u062d \u0628\u0647 \u0623\u0648 \u0627\u0644\u0643\u0634\u0641 \u0639\u0646\u0647\u0627 \u0623\u0648 \u062a\u0639\u062f\u064a\u0644\u0647\u0627 \u0623\u0648 \u062a\u062f\u0645\u064a\u0631\u0647\u0627.<\/p><h2><b>6. \u062d\u0642\u0648\u0642\u0643<\/b><\/h2><p class=\"p3\">\u0648\u0641\u0642\u064b\u0627 \u0644\u0644\u0648\u0627\u0626\u062d \u0627\u0644\u0645\u0639\u0645\u0648\u0644 \u0628\u0647\u0627 (GDPR)\u060c \u0644\u062f\u064a\u0643 \u0627\u0644\u062d\u0642\u0648\u0642 \u0627\u0644\u062a\u0627\u0644\u064a\u0629:<\/p><ul><li><p class=\"p1\">\u0627\u0644\u062d\u0642 \u0641\u064a \u0627\u0644\u0648\u0635\u0648\u0644 \u0625\u0644\u0649 \u0628\u064a\u0627\u0646\u0627\u062a\u0643 \u0623\u0648 \u062a\u0635\u062d\u064a\u062d\u0647\u0627 \u0623\u0648 \u062d\u0630\u0641\u0647\u0627<\/p><\/li><li><p class=\"p1\">\u0627\u0644\u062d\u0642 \u0641\u064a \u062a\u0642\u064a\u064a\u062f \u0623\u0648 \u0627\u0644\u0627\u0639\u062a\u0631\u0627\u0636 \u0639\u0644\u0649 \u0645\u0639\u0627\u0644\u062c\u062a\u0647\u0645<\/p><\/li><li><p class=\"p1\">\u0627\u0644\u062d\u0642 \u0641\u064a \u0646\u0642\u0644 \u0628\u064a\u0627\u0646\u0627\u062a\u0643<\/p><\/li><li><p class=\"p1\">\u0627\u0644\u062d\u0642 \u0641\u064a \u0633\u062d\u0628 \u0645\u0648\u0627\u0641\u0642\u062a\u0643 \u0641\u064a \u0623\u064a \u0648\u0642\u062a<\/p><\/li><\/ul><p class=\"p3\">\u0644\u0645\u0645\u0627\u0631\u0633\u0629 \u062d\u0642\u0648\u0642\u0643\u060c \u064a\u0631\u062c\u0649 \u0627\u0644\u0627\u062a\u0635\u0627\u0644 \u0628\u0646\u0627 \u0639\u0644\u0649:<\/p><p class=\"p4\"><span class=\"s3\">\ud83d\udce7<\/span><b>reservation@premierelite.limo<\/b><\/p><h2><b>7. \u0645\u0644\u0641\u0627\u062a \u062a\u0639\u0631\u064a\u0641 \u0627\u0644\u0627\u0631\u062a\u0628\u0627\u0637<\/b><\/h2><p class=\"p3\">\u064a\u0633\u062a\u062e\u062f\u0645 \u0645\u0648\u0642\u0639\u0646\u0627 \u0645\u0644\u0641\u0627\u062a \u062a\u0639\u0631\u064a\u0641 \u0627\u0644\u0627\u0631\u062a\u0628\u0627\u0637 \u0644\u062a\u062d\u0633\u064a\u0646 \u062a\u062c\u0631\u0628\u0629 \u0627\u0644\u0645\u0633\u062a\u062e\u062f\u0645 \u0627\u0644\u062e\u0627\u0635\u0629 \u0628\u0643. \u064a\u0645\u0643\u0646\u0643 \u0636\u0628\u0637 \u062a\u0641\u0636\u064a\u0644\u0627\u062a \u0645\u0644\u0641\u0627\u062a \u062a\u0639\u0631\u064a\u0641 \u0627\u0644\u0627\u0631\u062a\u0628\u0627\u0637 \u0627\u0644\u062e\u0627\u0635\u0629 \u0628\u0643 \u0641\u064a \u0623\u064a \u0648\u0642\u062a \u0639\u0628\u0631 \u0645\u062a\u0635\u0641\u062d\u0643 \u0623\u0648 \u0642\u0628\u0648\u0644 \u0645\u0644\u0641\u0627\u062a \u062a\u0639\u0631\u064a\u0641 \u0627\u0644\u0627\u0631\u062a\u0628\u0627\u0637 \u0623\u0648 \u0631\u0641\u0636\u0647\u0627 \u0623\u062b\u0646\u0627\u0621 \u0632\u064a\u0627\u0631\u062a\u0643 \u0627\u0644\u0623\u0648\u0644\u0649 \u0644\u0645\u0648\u0642\u0639\u0646\u0627. <\/p><h2><b>8. \u0627\u0644\u062a\u063a\u064a\u064a\u0631\u0627\u062a \u0639\u0644\u0649 \u0627\u0644\u0633\u064a\u0627\u0633\u0629<\/b><\/h2><p class=\"p3\">\u0627\u0644\u062a\u0634\u0627\u0648\u0631 \u0628\u0627\u0646\u062a\u0638\u0627\u0645. \u0622\u062e\u0631 \u062a\u062d\u062f\u064a\u062b \u0643\u0627\u0646 \u0641\u064a <span class=\"s2\"><b>22\/04\/2025<\/b><\/span>.  <\/p><h2><b>9. \u0627\u0644\u0627\u062a\u0635\u0627\u0644<\/b><\/h2><p class=\"p3\">\u0644\u0623\u064a \u0627\u0633\u062a\u0641\u0633\u0627\u0631 \u0628\u062e\u0635\u0648\u0635 \u0633\u064a\u0627\u0633\u0629 \u0627\u0644\u062e\u0635\u0648\u0635\u064a\u0629 \u0644\u062f\u064a\u0646\u0627 \u0623\u0648 \u0628\u064a\u0627\u0646\u0627\u062a\u0643 \u0627\u0644\u0634\u062e\u0635\u064a\u0629\u060c \u064a\u0645\u0643\u0646\u0643 \u0627\u0644\u0627\u062a\u0635\u0627\u0644 \u0628\u0646\u0627:<\/p><p class=\"p4\"><b>Premier Elite Limo<\/b><\/p><p class=\"p3\">\ud83d\udccd 32 Rue Briffaut <br>13005 Marseille<\/p><p class=\"p3\">\ud83d\udce7 reservation@premierelite.limo<\/p><p class=\"p3\">\ud83d\udcde +33 4 91 78 21 21<\/p>\t\t\t\t\t\t\t\t<\/div>\n\t\t\t\t<\/div>\n\t\t\t\t\t<\/div>\n\t\t<\/div>\n\t\t\t\t\t<\/div>\n\t\t<\/section>\n\t\t\t\t\t<\/div>\n\t\t<\/div>\n\t\t\t\t\t<\/div>\n\t\t<\/section>\n\t\t\t\t<\/div>\n\t\t","protected":false},"excerpt":{"rendered":"<p>\u0633\u064a\u0627\u0633\u0629 \u0627\u0644\u062e\u0635\u0648\u0635\u064a\u0629 1. \u0645\u0642\u062f\u0645\u0629 \u0641\u064a Premier Elite Limo\u060c \u062d\u0645\u0627\u064a\u0629 \u0628\u064a\u0627\u0646\u0627\u062a\u0643 \u0627\u0644\u0634\u062e\u0635\u064a\u0629 \u0647\u064a \u0627\u0644\u0623\u0648\u0644\u0648\u064a\u0629. \u062a\u0647\u062f\u0641 \u0633\u064a\u0627\u0633\u0629 \u0627\u0644\u062e\u0635\u0648\u0635\u064a\u0629 \u0647\u0630\u0647 \u0625\u0644\u0649 \u0625\u0639\u0644\u0627\u0645\u0643 \u0628\u0643\u064a\u0641\u064a\u0629 \u062c\u0645\u0639 \u0645\u0639\u0644\u0648\u0645\u0627\u062a\u0643 \u0648\u0627\u0633\u062a\u062e\u062f\u0627\u0645\u0647\u0627 \u0648\u062d\u0645\u0627\u064a\u062a\u0647\u0627 \u0639\u0646\u062f \u0627\u0633\u062a\u062e\u062f\u0627\u0645\u0643 \u0644\u0645\u0648\u0642\u0639\u0646\u0627 \u0627\u0644\u0625\u0644\u0643\u062a\u0631\u0648\u0646\u064a https:\/\/premierelite.limo. 2. \u0627\u0644\u0628\u064a\u0627\u0646\u0627\u062a \u0627\u0644\u062a\u064a \u062a\u0645 \u062c\u0645\u0639\u0647\u0627 \u064a\u062c\u0648\u0632 \u0644\u0646\u0627 \u062c\u0645\u0639 \u0627\u0644\u0623\u0646\u0648\u0627\u0639 \u0627\u0644\u062a\u0627\u0644\u064a\u0629 \u0645\u0646 \u0627\u0644\u0628\u064a\u0627\u0646\u0627\u062a: \u0627\u0644\u0627\u0633\u0645 \u0627\u0644\u0623\u0648\u0644 \u0648\u0627\u0644\u0623\u062e\u064a\u0631 \u0628\u064a\u0627\u0646\u0627\u062a \u0627\u0644\u0627\u062a\u0635\u0627\u0644 (\u0627\u0644\u0628\u0631\u064a\u062f \u0627\u0644\u0625\u0644\u0643\u062a\u0631\u0648\u0646\u064a\u060c \u0627\u0644\u0647\u0627\u062a\u0641) \u0645\u0639\u0644\u0648\u0645\u0627\u062a \u0627\u0644\u062d\u062c\u0632 (\u0627\u0644\u0645\u0648\u0642\u0639 \u0648\u0627\u0644\u062a\u0627\u0631\u064a\u062e \u0648\u0627\u0644\u0648\u0642\u062a) \u0628\u064a\u0627\u0646\u0627\u062a [&hellip;]<\/p>\n","protected":false},"author":1,"featured_media":0,"parent":0,"menu_order":0,"comment_status":"closed","ping_status":"closed","template":"","meta":{"footnotes":""},"class_list":["post-4862","page","type-page","status-publish","hentry"],"yoast_head":"<!-- This site is optimized with the Yoast SEO plugin v25.3 - https:\/\/yoast.com\/wordpress\/plugins\/seo\/ -->\n<title>\u0633\u064a\u0627\u0633\u0629 \u0627\u0644\u062e\u0635\u0648\u0635\u064a\u0629 - PREMIER ELITE<\/title>\n<meta name=\"robots\" content=\"index, follow, max-snippet:-1, max-image-preview:large, max-video-preview:-1\" \/>\n<link rel=\"canonical\" href=\"https:\/\/premierelite.limo\/ar\/%d8%b3%d9%8a%d8%a7%d8%b3%d8%a9-%d8%a7%d9%84%d8%ae%d8%b5%d9%88%d8%b5%d9%8a%d8%a9\" \/>\n<meta property=\"og:locale\" content=\"ar_AR\" \/>\n<meta property=\"og:type\" content=\"article\" \/>\n<meta property=\"og:title\" content=\"\u0633\u064a\u0627\u0633\u0629 \u0627\u0644\u062e\u0635\u0648\u0635\u064a\u0629 - PREMIER ELITE\" \/>\n<meta property=\"og:description\" content=\"\u0633\u064a\u0627\u0633\u0629 \u0627\u0644\u062e\u0635\u0648\u0635\u064a\u0629 1. \u0645\u0642\u062f\u0645\u0629 \u0641\u064a Premier Elite Limo\u060c \u062d\u0645\u0627\u064a\u0629 \u0628\u064a\u0627\u0646\u0627\u062a\u0643 \u0627\u0644\u0634\u062e\u0635\u064a\u0629 \u0647\u064a \u0627\u0644\u0623\u0648\u0644\u0648\u064a\u0629. \u062a\u0647\u062f\u0641 \u0633\u064a\u0627\u0633\u0629 \u0627\u0644\u062e\u0635\u0648\u0635\u064a\u0629 \u0647\u0630\u0647 \u0625\u0644\u0649 \u0625\u0639\u0644\u0627\u0645\u0643 \u0628\u0643\u064a\u0641\u064a\u0629 \u062c\u0645\u0639 \u0645\u0639\u0644\u0648\u0645\u0627\u062a\u0643 \u0648\u0627\u0633\u062a\u062e\u062f\u0627\u0645\u0647\u0627 \u0648\u062d\u0645\u0627\u064a\u062a\u0647\u0627 \u0639\u0646\u062f \u0627\u0633\u062a\u062e\u062f\u0627\u0645\u0643 \u0644\u0645\u0648\u0642\u0639\u0646\u0627 \u0627\u0644\u0625\u0644\u0643\u062a\u0631\u0648\u0646\u064a https:\/\/premierelite.limo. 2. \u0627\u0644\u0628\u064a\u0627\u0646\u0627\u062a \u0627\u0644\u062a\u064a \u062a\u0645 \u062c\u0645\u0639\u0647\u0627 \u064a\u062c\u0648\u0632 \u0644\u0646\u0627 \u062c\u0645\u0639 \u0627\u0644\u0623\u0646\u0648\u0627\u0639 \u0627\u0644\u062a\u0627\u0644\u064a\u0629 \u0645\u0646 \u0627\u0644\u0628\u064a\u0627\u0646\u0627\u062a: \u0627\u0644\u0627\u0633\u0645 \u0627\u0644\u0623\u0648\u0644 \u0648\u0627\u0644\u0623\u062e\u064a\u0631 \u0628\u064a\u0627\u0646\u0627\u062a \u0627\u0644\u0627\u062a\u0635\u0627\u0644 (\u0627\u0644\u0628\u0631\u064a\u062f \u0627\u0644\u0625\u0644\u0643\u062a\u0631\u0648\u0646\u064a\u060c \u0627\u0644\u0647\u0627\u062a\u0641) \u0645\u0639\u0644\u0648\u0645\u0627\u062a \u0627\u0644\u062d\u062c\u0632 (\u0627\u0644\u0645\u0648\u0642\u0639 \u0648\u0627\u0644\u062a\u0627\u0631\u064a\u062e \u0648\u0627\u0644\u0648\u0642\u062a) \u0628\u064a\u0627\u0646\u0627\u062a [&hellip;]\" \/>\n<meta property=\"og:url\" content=\"https:\/\/premierelite.limo\/ar\/%d8%b3%d9%8a%d8%a7%d8%b3%d8%a9-%d8%a7%d9%84%d8%ae%d8%b5%d9%88%d8%b5%d9%8a%d8%a9\" \/>\n<meta property=\"og:site_name\" content=\"PREMIER ELITE\" \/>\n<meta property=\"article:modified_time\" content=\"2025-04-27T21:41:09+00:00\" \/>\n<meta property=\"og:image\" content=\"https:\/\/premierelite.limo\/wp-content\/uploads\/2025\/02\/cropped-LOGOpremiereelite.png\" \/>\n\t<meta property=\"og:image:width\" content=\"512\" \/>\n\t<meta property=\"og:image:height\" content=\"512\" \/>\n\t<meta property=\"og:image:type\" content=\"image\/png\" \/>\n<meta name=\"twitter:card\" content=\"summary_large_image\" \/>\n<script type=\"application\/ld+json\" class=\"yoast-schema-graph\">{\"@context\":\"https:\/\/schema.org\",\"@graph\":[{\"@type\":\"WebPage\",\"@id\":\"https:\/\/premierelite.limo\/ar\/%d8%b3%d9%8a%d8%a7%d8%b3%d8%a9-%d8%a7%d9%84%d8%ae%d8%b5%d9%88%d8%b5%d9%8a%d8%a9\",\"url\":\"https:\/\/premierelite.limo\/ar\/%d8%b3%d9%8a%d8%a7%d8%b3%d8%a9-%d8%a7%d9%84%d8%ae%d8%b5%d9%88%d8%b5%d9%8a%d8%a9\",\"name\":\"\u0633\u064a\u0627\u0633\u0629 \u0627\u0644\u062e\u0635\u0648\u0635\u064a\u0629 - PREMIER ELITE\",\"isPartOf\":{\"@id\":\"https:\/\/premierelite.limo\/ar#website\"},\"datePublished\":\"2025-04-27T21:05:13+00:00\",\"dateModified\":\"2025-04-27T21:41:09+00:00\",\"breadcrumb\":{\"@id\":\"https:\/\/premierelite.limo\/ar\/%d8%b3%d9%8a%d8%a7%d8%b3%d8%a9-%d8%a7%d9%84%d8%ae%d8%b5%d9%88%d8%b5%d9%8a%d8%a9#breadcrumb\"},\"inLanguage\":\"ar\",\"potentialAction\":[{\"@type\":\"ReadAction\",\"target\":[\"https:\/\/premierelite.limo\/ar\/%d8%b3%d9%8a%d8%a7%d8%b3%d8%a9-%d8%a7%d9%84%d8%ae%d8%b5%d9%88%d8%b5%d9%8a%d8%a9\"]}]},{\"@type\":\"BreadcrumbList\",\"@id\":\"https:\/\/premierelite.limo\/ar\/%d8%b3%d9%8a%d8%a7%d8%b3%d8%a9-%d8%a7%d9%84%d8%ae%d8%b5%d9%88%d8%b5%d9%8a%d8%a9#breadcrumb\",\"itemListElement\":[{\"@type\":\"ListItem\",\"position\":1,\"name\":\"Accueil\",\"item\":\"https:\/\/premierelite.limo\/ar\/%d8%a7%d9%84%d8%b5%d9%81%d8%ad%d8%a9-%d8%a7%d9%84%d8%b1%d8%a6%d9%8a%d8%b3%d9%8a%d8%a9\"},{\"@type\":\"ListItem\",\"position\":2,\"name\":\"\u0633\u064a\u0627\u0633\u0629 \u0627\u0644\u062e\u0635\u0648\u0635\u064a\u0629\"}]},{\"@type\":\"WebSite\",\"@id\":\"https:\/\/premierelite.limo\/ar#website\",\"url\":\"https:\/\/premierelite.limo\/ar\",\"name\":\"PREMIER \u00c9LITE\",\"description\":\"R\u00e9servez votre voiture avec chauffeur priv\u00e9\",\"publisher\":{\"@id\":\"https:\/\/premierelite.limo\/ar#organization\"},\"alternateName\":\"Location de v\u00e9hicules avec chauffeur priv\u00e9\",\"potentialAction\":[{\"@type\":\"SearchAction\",\"target\":{\"@type\":\"EntryPoint\",\"urlTemplate\":\"https:\/\/premierelite.limo\/ar?s={search_term_string}\"},\"query-input\":{\"@type\":\"PropertyValueSpecification\",\"valueRequired\":true,\"valueName\":\"search_term_string\"}}],\"inLanguage\":\"ar\"},{\"@type\":\"Organization\",\"@id\":\"https:\/\/premierelite.limo\/ar#organization\",\"name\":\"PREMIER ELITE\",\"alternateName\":\"Location de v\u00e9hicules avec chauffeur priv\u00e9\",\"url\":\"https:\/\/premierelite.limo\/ar\",\"logo\":{\"@type\":\"ImageObject\",\"inLanguage\":\"ar\",\"@id\":\"https:\/\/premierelite.limo\/ar#\/schema\/logo\/image\/\",\"url\":\"https:\/\/premierelite.limo\/wp-content\/uploads\/2025\/04\/cropped-cropped-android-chrome-512x512-1.png\",\"contentUrl\":\"https:\/\/premierelite.limo\/wp-content\/uploads\/2025\/04\/cropped-cropped-android-chrome-512x512-1.png\",\"width\":512,\"height\":512,\"caption\":\"PREMIER ELITE\"},\"image\":{\"@id\":\"https:\/\/premierelite.limo\/ar#\/schema\/logo\/image\/\"}}]}<\/script>\n<!-- \/ Yoast SEO plugin. -->","yoast_head_json":{"title":"\u0633\u064a\u0627\u0633\u0629 \u0627\u0644\u062e\u0635\u0648\u0635\u064a\u0629 - PREMIER ELITE","robots":{"index":"index","follow":"follow","max-snippet":"max-snippet:-1","max-image-preview":"max-image-preview:large","max-video-preview":"max-video-preview:-1"},"canonical":"https:\/\/premierelite.limo\/ar\/%d8%b3%d9%8a%d8%a7%d8%b3%d8%a9-%d8%a7%d9%84%d8%ae%d8%b5%d9%88%d8%b5%d9%8a%d8%a9","og_locale":"ar_AR","og_type":"article","og_title":"\u0633\u064a\u0627\u0633\u0629 \u0627\u0644\u062e\u0635\u0648\u0635\u064a\u0629 - PREMIER ELITE","og_description":"\u0633\u064a\u0627\u0633\u0629 \u0627\u0644\u062e\u0635\u0648\u0635\u064a\u0629 1. \u0645\u0642\u062f\u0645\u0629 \u0641\u064a Premier Elite Limo\u060c \u062d\u0645\u0627\u064a\u0629 \u0628\u064a\u0627\u0646\u0627\u062a\u0643 \u0627\u0644\u0634\u062e\u0635\u064a\u0629 \u0647\u064a \u0627\u0644\u0623\u0648\u0644\u0648\u064a\u0629. \u062a\u0647\u062f\u0641 \u0633\u064a\u0627\u0633\u0629 \u0627\u0644\u062e\u0635\u0648\u0635\u064a\u0629 \u0647\u0630\u0647 \u0625\u0644\u0649 \u0625\u0639\u0644\u0627\u0645\u0643 \u0628\u0643\u064a\u0641\u064a\u0629 \u062c\u0645\u0639 \u0645\u0639\u0644\u0648\u0645\u0627\u062a\u0643 \u0648\u0627\u0633\u062a\u062e\u062f\u0627\u0645\u0647\u0627 \u0648\u062d\u0645\u0627\u064a\u062a\u0647\u0627 \u0639\u0646\u062f \u0627\u0633\u062a\u062e\u062f\u0627\u0645\u0643 \u0644\u0645\u0648\u0642\u0639\u0646\u0627 \u0627\u0644\u0625\u0644\u0643\u062a\u0631\u0648\u0646\u064a https:\/\/premierelite.limo. 2. \u0627\u0644\u0628\u064a\u0627\u0646\u0627\u062a \u0627\u0644\u062a\u064a \u062a\u0645 \u062c\u0645\u0639\u0647\u0627 \u064a\u062c\u0648\u0632 \u0644\u0646\u0627 \u062c\u0645\u0639 \u0627\u0644\u0623\u0646\u0648\u0627\u0639 \u0627\u0644\u062a\u0627\u0644\u064a\u0629 \u0645\u0646 \u0627\u0644\u0628\u064a\u0627\u0646\u0627\u062a: \u0627\u0644\u0627\u0633\u0645 \u0627\u0644\u0623\u0648\u0644 \u0648\u0627\u0644\u0623\u062e\u064a\u0631 \u0628\u064a\u0627\u0646\u0627\u062a \u0627\u0644\u0627\u062a\u0635\u0627\u0644 (\u0627\u0644\u0628\u0631\u064a\u062f \u0627\u0644\u0625\u0644\u0643\u062a\u0631\u0648\u0646\u064a\u060c \u0627\u0644\u0647\u0627\u062a\u0641) \u0645\u0639\u0644\u0648\u0645\u0627\u062a \u0627\u0644\u062d\u062c\u0632 (\u0627\u0644\u0645\u0648\u0642\u0639 \u0648\u0627\u0644\u062a\u0627\u0631\u064a\u062e \u0648\u0627\u0644\u0648\u0642\u062a) \u0628\u064a\u0627\u0646\u0627\u062a [&hellip;]","og_url":"https:\/\/premierelite.limo\/ar\/%d8%b3%d9%8a%d8%a7%d8%b3%d8%a9-%d8%a7%d9%84%d8%ae%d8%b5%d9%88%d8%b5%d9%8a%d8%a9","og_site_name":"PREMIER ELITE","article_modified_time":"2025-04-27T21:41:09+00:00","og_image":[{"width":512,"height":512,"url":"https:\/\/premierelite.limo\/wp-content\/uploads\/2025\/02\/cropped-LOGOpremiereelite.png","type":"image\/png"}],"twitter_card":"summary_large_image","schema":{"@context":"https:\/\/schema.org","@graph":[{"@type":"WebPage","@id":"https:\/\/premierelite.limo\/ar\/%d8%b3%d9%8a%d8%a7%d8%b3%d8%a9-%d8%a7%d9%84%d8%ae%d8%b5%d9%88%d8%b5%d9%8a%d8%a9","url":"https:\/\/premierelite.limo\/ar\/%d8%b3%d9%8a%d8%a7%d8%b3%d8%a9-%d8%a7%d9%84%d8%ae%d8%b5%d9%88%d8%b5%d9%8a%d8%a9","name":"\u0633\u064a\u0627\u0633\u0629 \u0627\u0644\u062e\u0635\u0648\u0635\u064a\u0629 - PREMIER ELITE","isPartOf":{"@id":"https:\/\/premierelite.limo\/ar#website"},"datePublished":"2025-04-27T21:05:13+00:00","dateModified":"2025-04-27T21:41:09+00:00","breadcrumb":{"@id":"https:\/\/premierelite.limo\/ar\/%d8%b3%d9%8a%d8%a7%d8%b3%d8%a9-%d8%a7%d9%84%d8%ae%d8%b5%d9%88%d8%b5%d9%8a%d8%a9#breadcrumb"},"inLanguage":"ar","potentialAction":[{"@type":"ReadAction","target":["https:\/\/premierelite.limo\/ar\/%d8%b3%d9%8a%d8%a7%d8%b3%d8%a9-%d8%a7%d9%84%d8%ae%d8%b5%d9%88%d8%b5%d9%8a%d8%a9"]}]},{"@type":"BreadcrumbList","@id":"https:\/\/premierelite.limo\/ar\/%d8%b3%d9%8a%d8%a7%d8%b3%d8%a9-%d8%a7%d9%84%d8%ae%d8%b5%d9%88%d8%b5%d9%8a%d8%a9#breadcrumb","itemListElement":[{"@type":"ListItem","position":1,"name":"Accueil","item":"https:\/\/premierelite.limo\/ar\/%d8%a7%d9%84%d8%b5%d9%81%d8%ad%d8%a9-%d8%a7%d9%84%d8%b1%d8%a6%d9%8a%d8%b3%d9%8a%d8%a9"},{"@type":"ListItem","position":2,"name":"\u0633\u064a\u0627\u0633\u0629 \u0627\u0644\u062e\u0635\u0648\u0635\u064a\u0629"}]},{"@type":"WebSite","@id":"https:\/\/premierelite.limo\/ar#website","url":"https:\/\/premierelite.limo\/ar","name":"PREMIER \u00c9LITE","description":"R\u00e9servez votre voiture avec chauffeur priv\u00e9","publisher":{"@id":"https:\/\/premierelite.limo\/ar#organization"},"alternateName":"Location de v\u00e9hicules avec chauffeur priv\u00e9","potentialAction":[{"@type":"SearchAction","target":{"@type":"EntryPoint","urlTemplate":"https:\/\/premierelite.limo\/ar?s={search_term_string}"},"query-input":{"@type":"PropertyValueSpecification","valueRequired":true,"valueName":"search_term_string"}}],"inLanguage":"ar"},{"@type":"Organization","@id":"https:\/\/premierelite.limo\/ar#organization","name":"PREMIER ELITE","alternateName":"Location de v\u00e9hicules avec chauffeur priv\u00e9","url":"https:\/\/premierelite.limo\/ar","logo":{"@type":"ImageObject","inLanguage":"ar","@id":"https:\/\/premierelite.limo\/ar#\/schema\/logo\/image\/","url":"https:\/\/premierelite.limo\/wp-content\/uploads\/2025\/04\/cropped-cropped-android-chrome-512x512-1.png","contentUrl":"https:\/\/premierelite.limo\/wp-content\/uploads\/2025\/04\/cropped-cropped-android-chrome-512x512-1.png","width":512,"height":512,"caption":"PREMIER ELITE"},"image":{"@id":"https:\/\/premierelite.limo\/ar#\/schema\/logo\/image\/"}}]}},"_links":{"self":[{"href":"https:\/\/premierelite.limo\/ar\/wp-json\/wp\/v2\/pages\/4862","targetHints":{"allow":["GET"]}}],"collection":[{"href":"https:\/\/premierelite.limo\/ar\/wp-json\/wp\/v2\/pages"}],"about":[{"href":"https:\/\/premierelite.limo\/ar\/wp-json\/wp\/v2\/types\/page"}],"author":[{"embeddable":true,"href":"https:\/\/premierelite.limo\/ar\/wp-json\/wp\/v2\/users\/1"}],"replies":[{"embeddable":true,"href":"https:\/\/premierelite.limo\/ar\/wp-json\/wp\/v2\/comments?post=4862"}],"version-history":[{"count":0,"href":"https:\/\/premierelite.limo\/ar\/wp-json\/wp\/v2\/pages\/4862\/revisions"}],"wp:attachment":[{"href":"https:\/\/premierelite.limo\/ar\/wp-json\/wp\/v2\/media?parent=4862"}],"curies":[{"name":"wp","href":"https:\/\/api.w.org\/{rel}","templated":true}]}}